{"id":19,"date":"2018-04-28T11:40:32","date_gmt":"2018-04-28T11:40:32","guid":{"rendered":"https:\/\/schreinerei-kleinjans.de\/?page_id=19"},"modified":"2019-01-30T17:36:02","modified_gmt":"2019-01-30T17:36:02","slug":"fensterreparaturen","status":"publish","type":"page","link":"https:\/\/schreinerei-kleinjans.de\/?page_id=19","title":{"rendered":"Reparaturen"},"content":{"rendered":"<h1>Fenster- und Rollladenreparaturen<\/h1>\r\n<h2>Fensterreparaturen<img loading=\"lazy\" decoding=\"async\" class=\" wp-image-168 alignright\" src=\"https:\/\/schreinerei-kleinjans.de\/wp-content\/uploads\/2019\/01\/Reparatur-Holzfenster-e1548869666957.png\" alt=\"\" width=\"299\" height=\"224\" srcset=\"https:\/\/schreinerei-kleinjans.de\/wp-content\/uploads\/2019\/01\/Reparatur-Holzfenster-e1548869666957.png 336w, https:\/\/schreinerei-kleinjans.de\/wp-content\/uploads\/2019\/01\/Reparatur-Holzfenster-e1548869666957-300x225.png 300w\" sizes=\"(max-width: 299px) 100vw, 299px\" \/><\/h2>\r\n<p>Sind Ihre Fenster undicht? Lassen sich Ihre Fenster nur mit gro\u00dfem Kraftaufwand \u00f6ffnen und schlie\u00dfen? Sind Dichtungen por\u00f6s? Sind Beschl\u00e4ge verschlissen oder gebrochen?<\/p>\r\n<p>Wir k\u00f6nnen Ihnen helfen.<\/p>\r\n<p>Wir warten Ihre Fenster aus Holz, Kunststoff oder Aluminium und setzen sie gegebenfalls instand.<\/p>\r\n<p>Der Leistungsumfang einer normalen Wartung umfa\u00dft<\/p>\r\n<ul>\r\n<li>Einstellen und Justieren der Fenster<\/li>\r\n<li>\u00dcberpr\u00fcfung von Anpressdruck und Dichtigkeit<\/li>\r\n<li>\u00dcberpr\u00fcfung der Entw\u00e4sserungen<\/li>\r\n<li>\u00d6len und Fetten mit speziellen Schmiermitteln<\/li>\r\n<\/ul>\r\n<p>Nehmen Sie f\u00fcr ein Wartungsangebot Kontakt mit uns auf.<\/p>\r\n<h3>Aluminiumfenster<\/h3>\r\n<p>Aluminiumfenster werden aufgrund ihrer Strapazierf\u00e4higkeit und der guten statischen Eigenschaften vor allem in \u00f6ffentlichen Geb\u00e4uden und B\u00fcros eingebaut. F\u00fcr Glasfassaden sind ebenfalls Aluminiumprofile \u00fcblich. Zur W\u00e4rmed\u00e4mmung werden bei Isolierverglasung Innen- und Au\u00dfenschale durch Kunststoffstege getrennt (\u201ethermische Trennung\u201c).<\/p>\r\n<h3>Kunststofffenster<\/h3>\r\n<p>Moderne Fenster aus Kunststoff enthalten im Innern des Rahmens und des Fl\u00fcgels meist Verst\u00e4rkungen aus Aluminium, Stahl oder glasfaserverst\u00e4rktem Kunststoff (GFK).<\/p>\r\n<p>Nachteilig ist eine relativ gro\u00dfe Rahmenst\u00e4rke im Verh\u00e4ltnis zur Glasfl\u00e4che, was sich ung\u00fcnstig auf den thermischen Gewinn durch die Sonneneinstrahlung auswirken kann (vorausgesetzt Wintersonne scheint durch das Fenster).<\/p>\r\n<h3>Holzfenster<\/h3>\r\n<p>Holz ist der \u00e4lteste Werkstoff f\u00fcr Fenster. Die gute W\u00e4rmed\u00e4mmung und leichte Bearbeitbarkeit sind die wichtigsten Vorteile. Holz bedarf allerdings der Pflege, um seine Witterungsbest\u00e4ndigkeit zu gew\u00e4hrleisten. Bis in die 1950er Jahre wurden vor allem Lein\u00f6l und Lein\u00f6lfarbe verwendet, um Holz vor Witterungseinfl\u00fcssen zu sch\u00fctzen. Moderne Beschichtungssysteme reduzieren zwar den fr\u00fcher \u00fcblichen Wartungsaufwand, verk\u00fcrzen aber die Haltbarkeit und Lebensdauer heutiger Fenster erheblich.<\/p>\r\n<p>Holz-Aluminiumfenster verbinden eine witterungsbest\u00e4ndige Au\u00dfenh\u00fclle mit dem wohnlichen Charakter des Holzes innen. Dabei sind die tragenden Teile des Fensters aus Holz und es wird eine Aluminiumschale au\u00dfen vorgeblendet.<\/p>\r\n<p>Jede erfolgreiche Reparatur setzt eine gr\u00fcndliche Schadensaufnahme voraus. Folgendes sollte dabei \u00fcberpr\u00fcft werden:<\/p>\r\n<ul>\r\n<li>Wie hoch ist der Substanzverlust, das hei\u00dft welche Bestandteile m\u00fcssen ausgetauscht, repariert oder abgedichtet werden?<\/li>\r\n<\/ul>\r\n<ul>\r\n<li>Durch welche Besch\u00e4digungen ist Wasser in das Holz eingedrungen? Gibt es undichte oder spr\u00f6de Kitt-Dichtungen? Platzt Farbe oder Lasur ab? Sind Besch\u00e4digungen am Holzrahmen sichtbar (abgebrochene Ecken, Spalten zwischen dem Wetterschenkel und dem Fenster usw.)?<\/li>\r\n<\/ul>\r\n<p>Gerade bei Holzfenstern ist eine gr\u00fcndliche Vorbereitung des Untergrundes wichtig. Holzf\u00e4ulnis und besch\u00e4digte Fensterabdichtungen m\u00fcssen gro\u00dffl\u00e4chig entfernt werden, so dass nur gesundes Holz als Untergrund bleibt. Nur darauf k\u00f6nnen Klebstoffe und Abdichtungen sicher haften, um Fehlstellen auszubessern.<\/p>\r\n<p>Auch die Glasversiegelung, also die Abdichtung zwischen Glas und Rahmen, muss \u00fcberpr\u00fcft werden. Oft lassen alte Kittverbindungen zwischen Glas und Holzfenster Feuchtigkeit in das Holz, weil sie spr\u00f6de geworden sind. In diesem Fall muss die Versiegelung vollst\u00e4ndig entfernt und erneuert werden.<\/p>\r\n<h2>Rolladenreparaturen<\/h2>\r\n<h3>Aluminium-Rolll\u00e4den<\/h3>\r\n<p>Bei Aluminiumst\u00e4ben wird unterschieden zwischen rollgeformten und stranggepressten Aluminiumpanzern.<\/p>\r\n<p>Rollgeformte Profile haben eine d\u00fcnne Wandung und sind deshalb generell ausgesch\u00e4umt, um ihnen ausreichend Stabilit\u00e4t zu geben. Durch den geringeren Materialeinsatz sind sie leichter und in der Regel g\u00fcnstiger als stranggepresste Profile.<\/p>\r\n<p>Stranggepresste Profile haben eine dicke Wandung, was sie sicherer und stabiler, aber auch teurer und schwerer macht als rollgeformte. Oft sind diese Panzer hohl, manchmal haben sie eine PVC-Einlage in der Kammer oder sind ausgesch\u00e4umt. Sie werden beispielsweise in Sicherheitsrollladen eingesetzt. Ausgesch\u00e4umte Aluminiumst\u00e4be besitzen eine gute Schalld\u00e4mmung. Sie bieten bei Abstimmung mit dem gesamten Rollladen und in Kombination mit einer Hochschiebesicherung eine gute Einbruchshemmung, sind recht biegefest, witterungsbest\u00e4ndig, aber auch relativ teuer und schwerer als PVC-Panzer.<\/p>\r\n<h3>PVC-Rolll\u00e4den<\/h3>\r\n<p>PVC-St\u00e4be sind leicht, g\u00fcnstig, bieten die beste W\u00e4rmed\u00e4mmung und sind pflegeleicht. Nachteile sind ihre Biegsamkeit, die die Einsatzbreite begrenzt (bis zu 2 m ohne Verst\u00e4rkung) und die fehlende Einbruchhemmung. Ein schnelles Vergilben wird heute durch Zugabe von UV-stabilisierenden Zusatzstoffen in den Rezepturen verhindert.<\/p>\r\n<p>Durch diese einfache Ma\u00dfnahme kann das Verziehen des Rollladenpanzers durch gro\u00dfe Hitze vermieden werden. Durch Alterung wird der Rollpanzer h\u00e4rter. Standardfarben sind wei\u00df, grau, beige oder holzfarben, aber durch moderne Kunststoffe gibt es auch viele zus\u00e4tzliche Farben wie blau, gelb und rot.<\/p>\r\n<h3>Holz-Rolll\u00e4den<\/h3>\r\n<p>Holzrolll\u00e4den werden nicht ineinander geschoben, sondern zusammengekettet. Vor dem Einsatz als Rollpanzer m\u00fcssen sie gegen Witterungseinfl\u00fcsse gesch\u00fctzt werden. Dazu benutzt man Lasuren und Lacke. Holzrolll\u00e4den k\u00f6nnen bis zu einer gro\u00dfen Breite verwendet werden und bieten eine gute Einbruchhemmung, sind aber auch sehr teuer, schwer, pflegeintensiv und witterungsanf\u00e4llig. Sie besitzen zwar keine Lichtschlitze, k\u00f6nnen aber mit einer ausziehbaren Kettung hergestellt werden.<\/p>\r\n\r\n<p>&nbsp;<\/p>\r\n","protected":false},"excerpt":{"rendered":"<p>Fenster- und Rollladenreparaturen Fensterreparaturen Sind Ihre Fenster undicht? Lassen sich Ihre Fenster nur mit gro\u00dfem Kraftaufwand \u00f6ffnen und schlie\u00dfen? Sind Dichtungen por\u00f6s? Sind Beschl\u00e4ge verschlissen oder gebrochen? Wir k\u00f6nnen Ihnen helfen. Wir warten Ihre Fenster aus Holz, Kunststoff oder Aluminium und setzen sie gegebenfalls instand. Der Leistungsumfang einer normalen Wartung umfa\u00dft Einstellen und Justieren der [&hellip;]<\/p>\n","protected":false},"author":1,"featured_media":0,"parent":0,"menu_order":0,"comment_status":"closed","ping_status":"closed","template":"template-parts\/product-page.php","meta":{"footnotes":""},"class_list":["post-19","page","type-page","status-publish","hentry"],"_links":{"self":[{"href":"https:\/\/schreinerei-kleinjans.de\/index.php?rest_route=\/wp\/v2\/pages\/19"}],"collection":[{"href":"https:\/\/schreinerei-kleinjans.de\/index.php?rest_route=\/wp\/v2\/pages"}],"about":[{"href":"https:\/\/schreinerei-kleinjans.de\/index.php?rest_route=\/wp\/v2\/types\/page"}],"author":[{"embeddable":true,"href":"https:\/\/schreinerei-kleinjans.de\/index.php?rest_route=\/wp\/v2\/users\/1"}],"replies":[{"embeddable":true,"href":"https:\/\/schreinerei-kleinjans.de\/index.php?rest_route=%2Fwp%2Fv2%2Fcomments&post=19"}],"version-history":[{"count":13,"href":"https:\/\/schreinerei-kleinjans.de\/index.php?rest_route=\/wp\/v2\/pages\/19\/revisions"}],"predecessor-version":[{"id":171,"href":"https:\/\/schreinerei-kleinjans.de\/index.php?rest_route=\/wp\/v2\/pages\/19\/revisions\/171"}],"wp:attachment":[{"href":"https:\/\/schreinerei-kleinjans.de\/index.php?rest_route=%2Fwp%2Fv2%2Fmedia&parent=19"}],"curies":[{"name":"wp","href":"https:\/\/api.w.org\/{rel}","templated":true}]}}